{"id":618,"date":"2024-10-07T09:59:28","date_gmt":"2024-10-07T09:59:28","guid":{"rendered":"https:\/\/www.tz-bauer.de\/?page_id=618"},"modified":"2024-10-07T09:59:28","modified_gmt":"2024-10-07T09:59:28","slug":"reshoring-wir-sind-ihr-partner-fuer-die-produktion-in-deutschland","status":"publish","type":"page","link":"https:\/\/www.tz-bauer.de\/index.php\/reshoring-wir-sind-ihr-partner-fuer-die-produktion-in-deutschland\/","title":{"rendered":"Reshoring \u2013 Wir sind Ihr Partner f\u00fcr die Produktion in Deutschland"},"content":{"rendered":"\n<h3 class=\"wp-block-heading\"><strong>Was ist Reshoring?<\/strong><\/h3>\n\n\n\n<p>Reshoring bezeichnet die R\u00fcckverlagerung der Produktion aus dem Ausland in das Heimatland. Oftmals werden Produktionskapazit\u00e4ten ins Ausland verlagert, um Kostenvorteile zu nutzen. Doch mit den steigenden Herausforderungen wie unsicheren Lieferketten, langen Transportwegen und Qualit\u00e4tsproblemen gewinnt der R\u00fcckzug der Produktion ins Inland an Bedeutung.<\/p>\n\n\n\n<h3 class=\"wp-block-heading\"><strong>Unser Reshoring-Angebot<\/strong><\/h3>\n\n\n\n<p>In einer globalisierten Welt gewinnen zunehmend Unternehmen, die ihre Produktion zur\u00fcck ins Heimatland holen, an Wettbewerbsf\u00e4higkeit. Wir unterst\u00fctzen unsere Kunden bei diesem wichtigen Schritt und bieten ma\u00dfgeschneiderte Reshoring-L\u00f6sungen an. Wenn unsere Kunden Maschinen oder Werkzeuge aus dem Ausland zur\u00fcckholen m\u00f6chten, pr\u00fcfen wir zun\u00e4chst, ob diese in unser Fertigungsspektrum passen und unter welchen Bedingungen wir die Produktion f\u00fcr sie weiterf\u00fchren k\u00f6nnen. Sind alle Voraussetzungen erf\u00fcllt, \u00fcbernehmen wir die Maschinen oder Werkzeuge und starten die Produktion bei uns. Dabei profitieren unsere Kunden von unserer langj\u00e4hrigen Erfahrung und unserem spezialisierten Know-how in der Stanz- und Profilstanztechnik sowie der Biege- und Profilbiegetechnik.<\/p>\n\n\n\n<h3 class=\"wp-block-heading\"><strong>Ihre Vorteile auf einen Blick:<\/strong><\/h3>\n\n\n\n<ol class=\"wp-block-list\">\n<li><strong>N\u00e4he zum Lieferanten:<\/strong> Kurze Wege erm\u00f6glichen eine engere Zusammenarbeit, schnellere Reaktionszeiten und eine flexible Produktion.<\/li>\n\n\n\n<li><strong>Geringere Logistikkosten:<\/strong> Durch die R\u00fcckverlagerung entfallen hohe Transportkosten sowie Zollgeb\u00fchren.<\/li>\n\n\n\n<li><strong>Verbesserte Qualit\u00e4t:<\/strong> Die Kontrolle \u00fcber Produktionsprozesse und Qualit\u00e4tsstandards ist vor Ort wesentlich effektiver.<\/li>\n\n\n\n<li><strong>Verbesserte Kommunikation:<\/strong> Direkte Abstimmung ohne Sprachbarrieren oder kulturelle Missverst\u00e4ndnisse f\u00fchrt zu einer schnelleren Umsetzung von Projekten.<\/li>\n\n\n\n<li><strong>K\u00fcrzere Lieferzeiten:<\/strong> Weniger Abh\u00e4ngigkeit von globalen Lieferketten minimiert Lieferverz\u00f6gerungen und f\u00fchrt zu einer h\u00f6heren Termintreue.<\/li>\n\n\n\n<li><strong>Nachhaltigkeit:<\/strong> Reshoring reduziert den CO\u2082-Aussto\u00df durch k\u00fcrzere Transportwege und unterst\u00fctzt eine umweltfreundlichere Produktion.<\/li>\n<\/ol>\n\n\n\n<h3 class=\"wp-block-heading\"><strong>Unsere Erfahrungen im Bereich Reshoring<\/strong><\/h3>\n\n\n\n<p>Wir haben bereits erfolgreich f\u00fcr Kunden die Produktion von Stanz- und Biegeteilen aus dem Ausland zur\u00fcckgeholt. Die Zusammenarbeit hat gezeigt, dass unsere Partner durch die N\u00e4he zum Produktionsstandort nicht nur Kostenvorteile erzielten, sondern auch deutliche Verbesserungen in der Qualit\u00e4t und Flexibilit\u00e4t. Ein weiterer Vorteil war die schnelle Reaktion auf kurzfristige Marktver\u00e4nderungen.<\/p>\n\n\n\n<h3 class=\"wp-block-heading\"><strong>Warum Sie sich f\u00fcr uns entscheiden sollten?<\/strong><\/h3>\n\n\n\n<p>Mit unserer Erfahrung und den bew\u00e4hrten Reshoring-Projekten bieten wir Ihnen einen reibungslosen \u00dcbergang und eine effiziente Fertigungsl\u00f6sung. Unser Team begleitet Sie von der Planung bis zur Umsetzung, um sicherzustellen, dass die Verlagerung der Produktion f\u00fcr Sie reibungslos und profitabel verl\u00e4uft.<\/p>\n","protected":false},"excerpt":{"rendered":"<p>Was ist Reshoring? Reshoring bezeichnet die R\u00fcckverlagerung der Produktion aus dem Ausland in das Heimatland. Oftmals werden Produktionskapazit\u00e4ten ins Ausland verlagert, um Kostenvorteile zu nutzen. Doch mit den steigenden Herausforderungen wie unsicheren Lieferketten, langen Transportwegen und Qualit\u00e4tsproblemen gewinnt der R\u00fcckzug der Produktion ins Inland an Bedeutung. Unser Reshoring-Angebot In einer globalisierten Welt gewinnen zunehmend Unternehmen, [&hellip;]<\/p>\n","protected":false},"author":1,"featured_media":0,"parent":0,"menu_order":0,"comment_status":"closed","ping_status":"closed","template":"","meta":{"footnotes":""},"class_list":["post-618","page","type-page","status-publish","hentry"],"_links":{"self":[{"href":"https:\/\/www.tz-bauer.de\/index.php\/wp-json\/wp\/v2\/pages\/618","targetHints":{"allow":["GET"]}}],"collection":[{"href":"https:\/\/www.tz-bauer.de\/index.php\/wp-json\/wp\/v2\/pages"}],"about":[{"href":"https:\/\/www.tz-bauer.de\/index.php\/wp-json\/wp\/v2\/types\/page"}],"author":[{"embeddable":true,"href":"https:\/\/www.tz-bauer.de\/index.php\/wp-json\/wp\/v2\/users\/1"}],"replies":[{"embeddable":true,"href":"https:\/\/www.tz-bauer.de\/index.php\/wp-json\/wp\/v2\/comments?post=618"}],"version-history":[{"count":1,"href":"https:\/\/www.tz-bauer.de\/index.php\/wp-json\/wp\/v2\/pages\/618\/revisions"}],"predecessor-version":[{"id":619,"href":"https:\/\/www.tz-bauer.de\/index.php\/wp-json\/wp\/v2\/pages\/618\/revisions\/619"}],"wp:attachment":[{"href":"https:\/\/www.tz-bauer.de\/index.php\/wp-json\/wp\/v2\/media?parent=618"}],"curies":[{"name":"wp","href":"https:\/\/api.w.org\/{rel}","templated":true}]}}