{"id":38,"date":"2019-09-10T14:14:26","date_gmt":"2019-09-10T14:14:26","guid":{"rendered":"https:\/\/test.tz-bauer.de\/?page_id=38"},"modified":"2024-07-15T10:56:32","modified_gmt":"2024-07-15T10:56:32","slug":"punktschweissen","status":"publish","type":"page","link":"https:\/\/www.tz-bauer.de\/index.php\/punktschweissen\/","title":{"rendered":"Punktschwei\u00dfen"},"content":{"rendered":"\n<p>Unser Punktschwei\u00df- und Buckelschwei\u00dfverfahren ist die optimale L\u00f6sung, wenn sichtbare Schwei\u00dfn\u00e4hte unerw\u00fcnscht sind und Schwei\u00dfspritzer am Werkst\u00fcck vermieden werden sollen.<\/p>\n\n\n\n<p>In unserem Maschinenpark steht Ihnen eine leistungsf\u00e4hige Punktschwei\u00dfmaschine zur Verf\u00fcgung mit folgenden Spezifikationen:<\/p>\n\n\n\n<ul class=\"wp-block-list\">\n<li>Nennleistung bei 50% ED: 60 kVA<\/li>\n\n\n\n<li>Maximale Schwei\u00dfleistung: 200 kVA<\/li>\n\n\n\n<li>Elektrodenkraft: 470 daN<\/li>\n<\/ul>\n\n\n\n<p>Wir freuen uns auf Ihre Anfrage und stehen Ihnen f\u00fcr weitere Informationen gerne zur Verf\u00fcgung.<\/p>\n\n\n\n<figure class=\"wp-block-gallery has-nested-images columns-default is-cropped wp-block-gallery-1 is-layout-flex wp-block-gallery-is-layout-flex\">\n<figure class=\"wp-block-image size-large\"><img loading=\"lazy\" decoding=\"async\" width=\"768\" height=\"1024\" data-id=\"459\" src=\"https:\/\/www.tz-bauer.de\/wp-content\/uploads\/2024\/07\/P1090215-768x1024.jpg\" alt=\"\" class=\"wp-image-459\" srcset=\"https:\/\/www.tz-bauer.de\/wp-content\/uploads\/2024\/07\/P1090215-768x1024.jpg 768w, https:\/\/www.tz-bauer.de\/wp-content\/uploads\/2024\/07\/P1090215-225x300.jpg 225w, https:\/\/www.tz-bauer.de\/wp-content\/uploads\/2024\/07\/P1090215-1152x1536.jpg 1152w, https:\/\/www.tz-bauer.de\/wp-content\/uploads\/2024\/07\/P1090215-1536x2048.jpg 1536w, https:\/\/www.tz-bauer.de\/wp-content\/uploads\/2024\/07\/P1090215-scaled.jpg 1920w\" sizes=\"auto, (max-width: 768px) 100vw, 768px\" \/><\/figure>\n<\/figure>\n","protected":false},"excerpt":{"rendered":"<p>Unser Punktschwei\u00df- und Buckelschwei\u00dfverfahren ist die optimale L\u00f6sung, wenn sichtbare Schwei\u00dfn\u00e4hte unerw\u00fcnscht sind und Schwei\u00dfspritzer am Werkst\u00fcck vermieden werden sollen. In unserem Maschinenpark steht Ihnen eine leistungsf\u00e4hige Punktschwei\u00dfmaschine zur Verf\u00fcgung mit folgenden Spezifikationen: Wir freuen uns auf Ihre Anfrage und stehen Ihnen f\u00fcr weitere Informationen gerne zur Verf\u00fcgung.<\/p>\n","protected":false},"author":1,"featured_media":0,"parent":0,"menu_order":0,"comment_status":"closed","ping_status":"closed","template":"","meta":{"footnotes":""},"class_list":["post-38","page","type-page","status-publish","hentry"],"_links":{"self":[{"href":"https:\/\/www.tz-bauer.de\/index.php\/wp-json\/wp\/v2\/pages\/38","targetHints":{"allow":["GET"]}}],"collection":[{"href":"https:\/\/www.tz-bauer.de\/index.php\/wp-json\/wp\/v2\/pages"}],"about":[{"href":"https:\/\/www.tz-bauer.de\/index.php\/wp-json\/wp\/v2\/types\/page"}],"author":[{"embeddable":true,"href":"https:\/\/www.tz-bauer.de\/index.php\/wp-json\/wp\/v2\/users\/1"}],"replies":[{"embeddable":true,"href":"https:\/\/www.tz-bauer.de\/index.php\/wp-json\/wp\/v2\/comments?post=38"}],"version-history":[{"count":3,"href":"https:\/\/www.tz-bauer.de\/index.php\/wp-json\/wp\/v2\/pages\/38\/revisions"}],"predecessor-version":[{"id":460,"href":"https:\/\/www.tz-bauer.de\/index.php\/wp-json\/wp\/v2\/pages\/38\/revisions\/460"}],"wp:attachment":[{"href":"https:\/\/www.tz-bauer.de\/index.php\/wp-json\/wp\/v2\/media?parent=38"}],"curies":[{"name":"wp","href":"https:\/\/api.w.org\/{rel}","templated":true}]}}