{"id":23,"date":"2019-09-10T14:05:28","date_gmt":"2019-09-10T14:05:28","guid":{"rendered":"https:\/\/test.tz-bauer.de\/?page_id=23"},"modified":"2024-08-12T13:30:10","modified_gmt":"2024-08-12T13:30:10","slug":"stanzen-und-biegen","status":"publish","type":"page","link":"https:\/\/www.tz-bauer.de\/index.php\/stanzen-und-biegen\/","title":{"rendered":"Stanzen und Biegen"},"content":{"rendered":"\n<p>Egal ob vom Coil, als Blechstreifen oder als Einzelst\u00fcck \u2013 unsere Pressen mit bis zu 1600 kN Presskraft erm\u00f6glichen es uns, Teile pr\u00e4zise nach Ihren Vorgaben zu entwickeln und zu fertigen.<\/p>\n\n\n\n<p>Die erforderlichen Werkzeuge konstruieren und fertigen wir selbst. Unsere umfassende Erfahrung im Stanzen und Biegen erstreckt sich \u00fcber eine Vielzahl von Materialien, darunter:<\/p>\n\n\n\n<ul class=\"wp-block-list\">\n<li>Stahl<\/li>\n\n\n\n<li>Edelstahl<\/li>\n\n\n\n<li>Federstahl<\/li>\n\n\n\n<li>Aluminium<\/li>\n\n\n\n<li>Messing<\/li>\n\n\n\n<li>Kupfer<\/li>\n\n\n\n<li>Titan<\/li>\n<\/ul>\n\n\n\n<p>Vom Band stanzen wir Materialien bis zu einer St\u00e4rke von 7 mm und einer Breite von 800 mm. Dabei realisieren wir engste Ma\u00dftoleranzen und h\u00f6chste Ebenheitsanspr\u00fcche.<\/p>\n\n\n\n<p>Von Prototypen \u00fcber Kleinserien bis hin zu Serien mit \u00fcber 1 Million Teilen pro Jahr \u2013 wir sind Ihr zuverl\u00e4ssiger Partner und Lieferant. Wir freuen uns auf eine erfolgreiche Zusammenarbeit mit Ihnen.<\/p>\n\n\n\n<figure class=\"wp-block-gallery has-nested-images columns-default is-cropped wp-block-gallery-1 is-layout-flex wp-block-gallery-is-layout-flex\">\n<figure class=\"wp-block-image size-large\"><img loading=\"lazy\" decoding=\"async\" width=\"1024\" height=\"768\" data-id=\"464\" src=\"https:\/\/www.tz-bauer.de\/wp-content\/uploads\/2024\/07\/P1090068-1024x768.jpg\" alt=\"\" class=\"wp-image-464\" srcset=\"https:\/\/www.tz-bauer.de\/wp-content\/uploads\/2024\/07\/P1090068-1024x768.jpg 1024w, https:\/\/www.tz-bauer.de\/wp-content\/uploads\/2024\/07\/P1090068-300x225.jpg 300w, https:\/\/www.tz-bauer.de\/wp-content\/uploads\/2024\/07\/P1090068-768x576.jpg 768w, https:\/\/www.tz-bauer.de\/wp-content\/uploads\/2024\/07\/P1090068-1536x1152.jpg 1536w, https:\/\/www.tz-bauer.de\/wp-content\/uploads\/2024\/07\/P1090068-2048x1536.jpg 2048w\" sizes=\"auto, (max-width: 1024px) 100vw, 1024px\" \/><\/figure>\n\n\n\n<figure class=\"wp-block-image size-large\"><img loading=\"lazy\" decoding=\"async\" width=\"1024\" height=\"768\" data-id=\"467\" src=\"https:\/\/www.tz-bauer.de\/wp-content\/uploads\/2024\/07\/P1090085-1024x768.jpg\" alt=\"\" class=\"wp-image-467\" srcset=\"https:\/\/www.tz-bauer.de\/wp-content\/uploads\/2024\/07\/P1090085-1024x768.jpg 1024w, https:\/\/www.tz-bauer.de\/wp-content\/uploads\/2024\/07\/P1090085-300x225.jpg 300w, https:\/\/www.tz-bauer.de\/wp-content\/uploads\/2024\/07\/P1090085-768x576.jpg 768w, https:\/\/www.tz-bauer.de\/wp-content\/uploads\/2024\/07\/P1090085-1536x1152.jpg 1536w, https:\/\/www.tz-bauer.de\/wp-content\/uploads\/2024\/07\/P1090085-2048x1536.jpg 2048w\" sizes=\"auto, (max-width: 1024px) 100vw, 1024px\" \/><\/figure>\n\n\n\n<figure class=\"wp-block-image size-large\"><img loading=\"lazy\" decoding=\"async\" width=\"1024\" height=\"768\" data-id=\"466\" src=\"https:\/\/www.tz-bauer.de\/wp-content\/uploads\/2024\/07\/P1090127-1024x768.jpg\" alt=\"\" class=\"wp-image-466\" srcset=\"https:\/\/www.tz-bauer.de\/wp-content\/uploads\/2024\/07\/P1090127-1024x768.jpg 1024w, https:\/\/www.tz-bauer.de\/wp-content\/uploads\/2024\/07\/P1090127-300x225.jpg 300w, https:\/\/www.tz-bauer.de\/wp-content\/uploads\/2024\/07\/P1090127-768x576.jpg 768w, https:\/\/www.tz-bauer.de\/wp-content\/uploads\/2024\/07\/P1090127-1536x1152.jpg 1536w, https:\/\/www.tz-bauer.de\/wp-content\/uploads\/2024\/07\/P1090127-2048x1536.jpg 2048w\" sizes=\"auto, (max-width: 1024px) 100vw, 1024px\" \/><\/figure>\n\n\n\n<figure class=\"wp-block-image size-large\"><img loading=\"lazy\" decoding=\"async\" width=\"1024\" height=\"768\" data-id=\"465\" src=\"https:\/\/www.tz-bauer.de\/wp-content\/uploads\/2024\/07\/P1090146-1024x768.jpg\" alt=\"\" class=\"wp-image-465\" srcset=\"https:\/\/www.tz-bauer.de\/wp-content\/uploads\/2024\/07\/P1090146-1024x768.jpg 1024w, https:\/\/www.tz-bauer.de\/wp-content\/uploads\/2024\/07\/P1090146-300x225.jpg 300w, https:\/\/www.tz-bauer.de\/wp-content\/uploads\/2024\/07\/P1090146-768x576.jpg 768w, https:\/\/www.tz-bauer.de\/wp-content\/uploads\/2024\/07\/P1090146-1536x1152.jpg 1536w, https:\/\/www.tz-bauer.de\/wp-content\/uploads\/2024\/07\/P1090146-2048x1536.jpg 2048w\" sizes=\"auto, (max-width: 1024px) 100vw, 1024px\" \/><\/figure>\n\n\n\n<figure class=\"wp-block-image size-large\"><img loading=\"lazy\" decoding=\"async\" width=\"1024\" height=\"786\" data-id=\"461\" src=\"https:\/\/www.tz-bauer.de\/wp-content\/uploads\/2024\/07\/P1090154-1024x786.jpg\" alt=\"\" class=\"wp-image-461\" srcset=\"https:\/\/www.tz-bauer.de\/wp-content\/uploads\/2024\/07\/P1090154-1024x786.jpg 1024w, https:\/\/www.tz-bauer.de\/wp-content\/uploads\/2024\/07\/P1090154-300x230.jpg 300w, https:\/\/www.tz-bauer.de\/wp-content\/uploads\/2024\/07\/P1090154-768x590.jpg 768w, https:\/\/www.tz-bauer.de\/wp-content\/uploads\/2024\/07\/P1090154-1536x1179.jpg 1536w, https:\/\/www.tz-bauer.de\/wp-content\/uploads\/2024\/07\/P1090154-2048x1572.jpg 2048w\" sizes=\"auto, (max-width: 1024px) 100vw, 1024px\" \/><\/figure>\n\n\n\n<figure class=\"wp-block-image size-large\"><img loading=\"lazy\" decoding=\"async\" width=\"1024\" height=\"675\" data-id=\"462\" src=\"https:\/\/www.tz-bauer.de\/wp-content\/uploads\/2024\/07\/P1090174-1024x675.jpg\" alt=\"\" class=\"wp-image-462\" srcset=\"https:\/\/www.tz-bauer.de\/wp-content\/uploads\/2024\/07\/P1090174-1024x675.jpg 1024w, https:\/\/www.tz-bauer.de\/wp-content\/uploads\/2024\/07\/P1090174-300x198.jpg 300w, https:\/\/www.tz-bauer.de\/wp-content\/uploads\/2024\/07\/P1090174-768x506.jpg 768w, https:\/\/www.tz-bauer.de\/wp-content\/uploads\/2024\/07\/P1090174-1536x1012.jpg 1536w, https:\/\/www.tz-bauer.de\/wp-content\/uploads\/2024\/07\/P1090174-2048x1349.jpg 2048w\" sizes=\"auto, (max-width: 1024px) 100vw, 1024px\" \/><\/figure>\n\n\n\n<figure class=\"wp-block-image size-large\"><img loading=\"lazy\" decoding=\"async\" width=\"1024\" height=\"576\" data-id=\"449\" src=\"https:\/\/www.tz-bauer.de\/wp-content\/uploads\/2024\/07\/P1090045-1024x576.jpg\" alt=\"\" class=\"wp-image-449\" srcset=\"https:\/\/www.tz-bauer.de\/wp-content\/uploads\/2024\/07\/P1090045-1024x576.jpg 1024w, https:\/\/www.tz-bauer.de\/wp-content\/uploads\/2024\/07\/P1090045-300x169.jpg 300w, https:\/\/www.tz-bauer.de\/wp-content\/uploads\/2024\/07\/P1090045-768x432.jpg 768w, https:\/\/www.tz-bauer.de\/wp-content\/uploads\/2024\/07\/P1090045-1536x864.jpg 1536w, https:\/\/www.tz-bauer.de\/wp-content\/uploads\/2024\/07\/P1090045-2048x1152.jpg 2048w\" sizes=\"auto, (max-width: 1024px) 100vw, 1024px\" \/><\/figure>\n\n\n\n<figure class=\"wp-block-image size-large\"><img loading=\"lazy\" decoding=\"async\" width=\"1024\" height=\"768\" data-id=\"450\" src=\"https:\/\/www.tz-bauer.de\/wp-content\/uploads\/2024\/07\/P1090092-1024x768.jpg\" alt=\"\" class=\"wp-image-450\" srcset=\"https:\/\/www.tz-bauer.de\/wp-content\/uploads\/2024\/07\/P1090092-1024x768.jpg 1024w, https:\/\/www.tz-bauer.de\/wp-content\/uploads\/2024\/07\/P1090092-300x225.jpg 300w, https:\/\/www.tz-bauer.de\/wp-content\/uploads\/2024\/07\/P1090092-768x576.jpg 768w, https:\/\/www.tz-bauer.de\/wp-content\/uploads\/2024\/07\/P1090092-1536x1152.jpg 1536w, https:\/\/www.tz-bauer.de\/wp-content\/uploads\/2024\/07\/P1090092-2048x1536.jpg 2048w\" sizes=\"auto, (max-width: 1024px) 100vw, 1024px\" \/><\/figure>\n\n\n\n<figure class=\"wp-block-image size-large\"><img loading=\"lazy\" decoding=\"async\" width=\"1024\" height=\"723\" data-id=\"448\" src=\"https:\/\/www.tz-bauer.de\/wp-content\/uploads\/2024\/07\/P1090116-1024x723.jpg\" alt=\"\" class=\"wp-image-448\" srcset=\"https:\/\/www.tz-bauer.de\/wp-content\/uploads\/2024\/07\/P1090116-1024x723.jpg 1024w, https:\/\/www.tz-bauer.de\/wp-content\/uploads\/2024\/07\/P1090116-300x212.jpg 300w, https:\/\/www.tz-bauer.de\/wp-content\/uploads\/2024\/07\/P1090116-768x542.jpg 768w, https:\/\/www.tz-bauer.de\/wp-content\/uploads\/2024\/07\/P1090116-1536x1085.jpg 1536w, https:\/\/www.tz-bauer.de\/wp-content\/uploads\/2024\/07\/P1090116-2048x1446.jpg 2048w\" sizes=\"auto, (max-width: 1024px) 100vw, 1024px\" \/><\/figure>\n\n\n\n<figure class=\"wp-block-image size-large\"><img loading=\"lazy\" decoding=\"async\" width=\"1024\" height=\"763\" data-id=\"447\" src=\"https:\/\/www.tz-bauer.de\/wp-content\/uploads\/2024\/07\/P1090156-1024x763.jpg\" alt=\"\" class=\"wp-image-447\" srcset=\"https:\/\/www.tz-bauer.de\/wp-content\/uploads\/2024\/07\/P1090156-1024x763.jpg 1024w, https:\/\/www.tz-bauer.de\/wp-content\/uploads\/2024\/07\/P1090156-300x224.jpg 300w, https:\/\/www.tz-bauer.de\/wp-content\/uploads\/2024\/07\/P1090156-768x572.jpg 768w, https:\/\/www.tz-bauer.de\/wp-content\/uploads\/2024\/07\/P1090156-1536x1145.jpg 1536w, https:\/\/www.tz-bauer.de\/wp-content\/uploads\/2024\/07\/P1090156-2048x1526.jpg 2048w\" sizes=\"auto, (max-width: 1024px) 100vw, 1024px\" \/><\/figure>\n<\/figure>\n\n\n\n<figure class=\"wp-block-gallery has-nested-images columns-default is-cropped wp-block-gallery-2 is-layout-flex wp-block-gallery-is-layout-flex\">\n<figure class=\"wp-block-image size-large\"><img loading=\"lazy\" decoding=\"async\" width=\"1024\" height=\"768\" data-id=\"470\" src=\"https:\/\/www.tz-bauer.de\/wp-content\/uploads\/2024\/07\/P1090177-1024x768.jpg\" alt=\"\" class=\"wp-image-470\" srcset=\"https:\/\/www.tz-bauer.de\/wp-content\/uploads\/2024\/07\/P1090177-1024x768.jpg 1024w, https:\/\/www.tz-bauer.de\/wp-content\/uploads\/2024\/07\/P1090177-300x225.jpg 300w, https:\/\/www.tz-bauer.de\/wp-content\/uploads\/2024\/07\/P1090177-768x576.jpg 768w, https:\/\/www.tz-bauer.de\/wp-content\/uploads\/2024\/07\/P1090177-1536x1152.jpg 1536w, https:\/\/www.tz-bauer.de\/wp-content\/uploads\/2024\/07\/P1090177-2048x1536.jpg 2048w\" sizes=\"auto, (max-width: 1024px) 100vw, 1024px\" \/><\/figure>\n\n\n\n<figure class=\"wp-block-image size-large\"><img loading=\"lazy\" decoding=\"async\" width=\"1024\" height=\"768\" data-id=\"472\" src=\"https:\/\/www.tz-bauer.de\/wp-content\/uploads\/2024\/07\/P1090183-1024x768.jpg\" alt=\"\" class=\"wp-image-472\" srcset=\"https:\/\/www.tz-bauer.de\/wp-content\/uploads\/2024\/07\/P1090183-1024x768.jpg 1024w, https:\/\/www.tz-bauer.de\/wp-content\/uploads\/2024\/07\/P1090183-300x225.jpg 300w, https:\/\/www.tz-bauer.de\/wp-content\/uploads\/2024\/07\/P1090183-768x576.jpg 768w, https:\/\/www.tz-bauer.de\/wp-content\/uploads\/2024\/07\/P1090183-1536x1152.jpg 1536w, https:\/\/www.tz-bauer.de\/wp-content\/uploads\/2024\/07\/P1090183-2048x1536.jpg 2048w\" sizes=\"auto, (max-width: 1024px) 100vw, 1024px\" \/><\/figure>\n\n\n\n<figure class=\"wp-block-image size-large\"><img loading=\"lazy\" decoding=\"async\" width=\"1024\" height=\"768\" data-id=\"471\" src=\"https:\/\/www.tz-bauer.de\/wp-content\/uploads\/2024\/07\/P1090195-1024x768.jpg\" alt=\"\" class=\"wp-image-471\" srcset=\"https:\/\/www.tz-bauer.de\/wp-content\/uploads\/2024\/07\/P1090195-1024x768.jpg 1024w, https:\/\/www.tz-bauer.de\/wp-content\/uploads\/2024\/07\/P1090195-300x225.jpg 300w, https:\/\/www.tz-bauer.de\/wp-content\/uploads\/2024\/07\/P1090195-768x576.jpg 768w, https:\/\/www.tz-bauer.de\/wp-content\/uploads\/2024\/07\/P1090195-1536x1152.jpg 1536w, https:\/\/www.tz-bauer.de\/wp-content\/uploads\/2024\/07\/P1090195-2048x1536.jpg 2048w\" sizes=\"auto, (max-width: 1024px) 100vw, 1024px\" \/><\/figure>\n\n\n\n<figure class=\"wp-block-image size-large\"><img loading=\"lazy\" decoding=\"async\" width=\"768\" height=\"1024\" data-id=\"473\" src=\"https:\/\/www.tz-bauer.de\/wp-content\/uploads\/2024\/07\/P1090205-768x1024.jpg\" alt=\"\" class=\"wp-image-473\" srcset=\"https:\/\/www.tz-bauer.de\/wp-content\/uploads\/2024\/07\/P1090205-768x1024.jpg 768w, https:\/\/www.tz-bauer.de\/wp-content\/uploads\/2024\/07\/P1090205-225x300.jpg 225w, https:\/\/www.tz-bauer.de\/wp-content\/uploads\/2024\/07\/P1090205-1152x1536.jpg 1152w, https:\/\/www.tz-bauer.de\/wp-content\/uploads\/2024\/07\/P1090205-1536x2048.jpg 1536w, https:\/\/www.tz-bauer.de\/wp-content\/uploads\/2024\/07\/P1090205-scaled.jpg 1920w\" sizes=\"auto, (max-width: 768px) 100vw, 768px\" \/><\/figure>\n<\/figure>\n","protected":false},"excerpt":{"rendered":"<p>Egal ob vom Coil, als Blechstreifen oder als Einzelst\u00fcck \u2013 unsere Pressen mit bis zu 1600 kN Presskraft erm\u00f6glichen es uns, Teile pr\u00e4zise nach Ihren Vorgaben zu entwickeln und zu fertigen. Die erforderlichen Werkzeuge konstruieren und fertigen wir selbst. Unsere umfassende Erfahrung im Stanzen und Biegen erstreckt sich \u00fcber eine Vielzahl von Materialien, darunter: Vom [&hellip;]<\/p>\n","protected":false},"author":1,"featured_media":0,"parent":0,"menu_order":0,"comment_status":"closed","ping_status":"closed","template":"","meta":{"footnotes":""},"class_list":["post-23","page","type-page","status-publish","hentry"],"_links":{"self":[{"href":"https:\/\/www.tz-bauer.de\/index.php\/wp-json\/wp\/v2\/pages\/23","targetHints":{"allow":["GET"]}}],"collection":[{"href":"https:\/\/www.tz-bauer.de\/index.php\/wp-json\/wp\/v2\/pages"}],"about":[{"href":"https:\/\/www.tz-bauer.de\/index.php\/wp-json\/wp\/v2\/types\/page"}],"author":[{"embeddable":true,"href":"https:\/\/www.tz-bauer.de\/index.php\/wp-json\/wp\/v2\/users\/1"}],"replies":[{"embeddable":true,"href":"https:\/\/www.tz-bauer.de\/index.php\/wp-json\/wp\/v2\/comments?post=23"}],"version-history":[{"count":6,"href":"https:\/\/www.tz-bauer.de\/index.php\/wp-json\/wp\/v2\/pages\/23\/revisions"}],"predecessor-version":[{"id":583,"href":"https:\/\/www.tz-bauer.de\/index.php\/wp-json\/wp\/v2\/pages\/23\/revisions\/583"}],"wp:attachment":[{"href":"https:\/\/www.tz-bauer.de\/index.php\/wp-json\/wp\/v2\/media?parent=23"}],"curies":[{"name":"wp","href":"https:\/\/api.w.org\/{rel}","templated":true}]}}